{"id":156,"date":"2018-01-22T14:43:05","date_gmt":"2018-01-22T14:43:05","guid":{"rendered":"https:\/\/888qbo.com\/?page_id=156"},"modified":"2024-01-10T14:06:07","modified_gmt":"2024-01-10T14:06:07","slug":"home","status":"publish","type":"page","link":"https:\/\/888qbo.com\/pt\/","title":{"rendered":"Plataforma De Negocia\u00e7\u00e3o Desportiva Da Melhor Classe Para apostas Profissionais"},"content":{"rendered":"<h3>SOBRE O QBO<\/h3>\n\t\t<p>A QBO \u00e9 a plataforma de negocia\u00e7\u00e3o desportiva mais avan\u00e7ada. QBO (Quick Betting Order) \u00e9 projetado exclusivamente para comerciantes profissionais para dar-lhes as melhores probabilidades e apostas mais altas em m\u00faltiplos apostadores e bolsas.<\/p>\n\t\t\t<a href=\"https:\/\/888qbo.com\/pt\/contact\/\" target=\"_blank\" rel=\"noopener\">\n\t\t\t\t\t\tCONTACTO\n\t\t\t\t\t<\/a>\n\t<h4>Execu\u00e7\u00e3o Simult\u00e2nea<\/h4>\t\t\n\t\t\t<p>A QBO agrega probabilidades e apostas em tempo real simultaneamente em v\u00e1rios corretores de apostas. Isso resolve os problemas de baixas apostas, movimentos de pre\u00e7os e erros de execu\u00e7\u00e3o manual.<\/p>\n\t<h4>Liquidez Global<\/h4>\t\t\n\t\t\t<p>A QBO est\u00e1 integrada com bookmakers e bolsas de apostas, proporcionando acesso a quantias incompar\u00e1veis de liquidez. Isto inclui Pinbet88 (Pinnacle), SBOBET, Betfair, Matchbook e muito mais.<\/p>\n\t<h4>Cobertura Compreensiva<\/h4>\t\t\n\t\t\t<p>Ofertas iniciais de mercado, de dia de jogo e em curso sobre desvantagens asi\u00e1ticas e todos os outros mercados importantes de futebol, t\u00e9nis, basquetebol, futebol americano, basebol, h\u00f3quei no gelo, Rugby Union.<\/p>\n\t<h4>Rapidez<\/h4>\t\t\n\t\t\t<p>QBO \u00e9 o software de apostas esportivas mais r\u00e1pido do seu tipo. N\u00f3s investimos continuamente nas mais recentes tecnologias para entregar os pre\u00e7os mais r\u00e1pidos recupera\u00e7\u00e3o e coloca\u00e7\u00e3o de bet no mercado.<\/p>\n\t<h4>Experi\u00eancia<\/h4>\t\t\n\t\t\t<p>Primeiro a desenvolver software de com\u00e9rcio esportivo para atingir os m\u00faltiplos apostadores e bolsas de uma s\u00f3 vez. Com mais de 10 anos de experi\u00eancia, continuamos a nos concentrar em liderar e inovar o mercado.<\/p>\n<p>&nbsp;<\/p>\n\t<h4>Completamente Imparcial<\/h4>\t\t\n\t\t\t<p>Confiados pelos maiores e mais sofisticados grupos profissionais de com\u00e9rcio do mundo.<\/p>\n\t<h4>API <\/h4>\t\t\n\t\t\t<p>JSON empurrar API para permitir que os clientes executem suas estrat\u00e9gias de negocia\u00e7\u00e3o automaticamente.<\/p>\n\t<h4>Suporte<\/h4>\t\t\n\t\t\t<p>A QBO tem um servi\u00e7o ao cliente ao vivo durante todo o dia em v\u00e1rios idiomas.<\/p>\n\t<h4>Multi-Canal<\/h4>\t\t\n\t\t\t<p>Dispon\u00edvel no seu telem\u00f3vel, tablet e PC.<\/p>\n\t<h4>Moeda e odds Normaliza\u00e7\u00e3o<\/h4>\t\t\n\t\t\t<p>Escolha a sua moeda de negocia\u00e7\u00e3o e personalize o formato de odds, os tipos de aposta predefinidos e as prefer\u00eancias de staking.<\/p>\n\t\t<h3>PLATAFORMA<\/h3>\n\t\t\t<a href=\"https:\/\/888qbo.com\/pt\/contact\/\" target=\"_blank\" rel=\"noopener\">\n\t\t\t\t\t\tCONTACTO\n\t\t\t\t\t<\/a>\n\t<p>A plataforma de apostas QBO \u00e9 uma interface multi-canal f\u00e1cil de usar, mostrando em tempo real as melhores odds atualizadas, de modo que os usu\u00e1rios podem colocar ordens agregadas na maior liquidez em milisegundos. Isto resolve todos os problemas associados \u00e0 falta de liquidez, movimentos de pre\u00e7os e erros de execu\u00e7\u00e3o manual.<\/p>\n<ul>\n<li>Execu\u00e7\u00e3o de cima para baixo<\/li>\n<li>Formatos Odds (Decimal, Hong Kong, American)<\/li>\n<li>Ordens de trabalho (coloca\u00e7\u00e3o autom\u00e1tica uma vez que os pre\u00e7os das encomendas coincidem)<\/li>\n<li>M\u00faltiplas moedas<\/li>\n<li>Eventos favoritos e filtros de competi\u00e7\u00e3o<\/li>\n<li>Software de contabilidade compreensiva e hist\u00f3rico completo de auditoria<\/li>\n<li>Barra de pesquisa inteligente para navega\u00e7\u00e3o mais r\u00e1pida<\/li>\n<\/ul>\n\t\t\t\t<img decoding=\"async\" src=\"https:\/\/888qbo.com\/wp-content\/uploads\/2020\/01\/QBOscreenshot-1024x693.png\" alt=\"QBOscreenshot\" itemprop=\"image\" title=\"QBOscreenshot\" onerror=\"this.style.display='none'\"  \/>\n\t\t<h3>API<\/h3>\n\t\t<p>A API de apostas desportivas QBO (Application Programming Interface) permite que os usu\u00e1rios executem estrat\u00e9gias computadorizadas autom\u00e1ticas na plataforma e desenvolvam seus pr\u00f3prios produtos. A API da QBO foi otimizada para o desempenho em rea\u00e7\u00e3o ao mercado, recuperando dados de bookmakers e tem uma taxa de rendimento muito poderosa.<\/p>\n\t\t\t<a href=\"https:\/\/888qbo.com\/pt\/contact\/\" target=\"_self\" rel=\"noopener\">\n\t\t\t\t\t\tCONTACTO\n\t\t\t\t\t<\/a>\n\t<h5>Fluxo de pre\u00e7os vivos<\/h5>\t\t\n\t<h5>Per\u00edodo De Integra\u00e7\u00e3o Livre<\/h5>\t\t\n\t<h5>Integra\u00e7\u00e3o simples com bookies<\/h5>\t\t\n\t<h5>Assist\u00eancia T\u00e9cnica Especializada<\/h5>\t\t\n\t<h5>Documenta\u00e7\u00e3o Compreensiva<\/h5>\t\t\n\t\t<h3>PARCEIRO<\/h3>\n\t\tMany of the world&#8217;s largest Bookmakers, in particular the Asia-based operators, partner with authorised Agents to provide account and settlement services to their clients. The Agent&#8217;s role is to establish betting accounts, manage client funds (e.g. receive deposits, send withdrawals, manage client credit and settle outstanding balances between the client and the bookmaker) and provide customer support.<br \/>\n<br \/>\nAt QBO we focus entirely on providing a world-class execution platform. We don&#8217;t provide betting accounts and we don&#8217;t accept client deposits. However, through our 10+ years of experience, we have established lasting relationships with a handful of highly reputable Agents.<br \/>\n<br \/>\nIf you require betting accounts, please let us know: we&#8217;d be happy to talk you through how the system works in more detail and put you in contact with an Agent that best suits your requirements.\n\t\t\t<a href=\"https:\/\/888qbo.com\/pt\/contact\/\" target=\"_self\" rel=\"noopener\">\n\t\t\t\t\t\t\tCONTACTO\n\t\t\t\t\t<\/a>\n\t\t<h3>Contacte-Nos<\/h3>\n\t\t<p>Deixa-nos em linha. N\u00f3s geralmente respondemos dentro de 24 horas ap\u00f3s receber seu email.<\/p>\n\t\t\t<a href=\"https:\/\/888qbo.com\/pt\/contact\/\" target=\"_self\" rel=\"noopener\">\n\t\t\t\t\t\tCONTACTO\n\t\t\t\t\t<\/a>","protected":false},"excerpt":{"rendered":"<p>ABOUT QBO QBO is the most advanced sports trading platform. QBO (Quick Betting Order) is designed exclusively for professional traders to give them the best odds and highest stakes across multiple bookmakers and exchanges. CONTACT Solution QBO aggregates real-time odds and bets simultaneously across multiple bookmakers. This solves the problems of low stakes, price movements&hellip; <br \/> <a class=\"read-more\" href=\"https:\/\/888qbo.com\/pt\/\">Leia mais<\/a><\/p>","protected":false},"author":1,"featured_media":0,"parent":0,"menu_order":0,"comment_status":"closed","ping_status":"closed","template":"","meta":{"footnotes":""},"class_list":["post-156","page","type-page","status-publish","hentry"],"_links":{"self":[{"href":"https:\/\/888qbo.com\/pt\/wp-json\/wp\/v2\/pages\/156","targetHints":{"allow":["GET"]}}],"collection":[{"href":"https:\/\/888qbo.com\/pt\/wp-json\/wp\/v2\/pages"}],"about":[{"href":"https:\/\/888qbo.com\/pt\/wp-json\/wp\/v2\/types\/page"}],"author":[{"embeddable":true,"href":"https:\/\/888qbo.com\/pt\/wp-json\/wp\/v2\/users\/1"}],"replies":[{"embeddable":true,"href":"https:\/\/888qbo.com\/pt\/wp-json\/wp\/v2\/comments?post=156"}],"version-history":[{"count":57,"href":"https:\/\/888qbo.com\/pt\/wp-json\/wp\/v2\/pages\/156\/revisions"}],"predecessor-version":[{"id":619,"href":"https:\/\/888qbo.com\/pt\/wp-json\/wp\/v2\/pages\/156\/revisions\/619"}],"wp:attachment":[{"href":"https:\/\/888qbo.com\/pt\/wp-json\/wp\/v2\/media?parent=156"}],"curies":[{"name":"wp","href":"https:\/\/api.w.org\/{rel}","templated":true}]}}