{"id":156,"date":"2018-01-22T14:43:05","date_gmt":"2018-01-22T14:43:05","guid":{"rendered":"https:\/\/888qbo.com\/?page_id=156"},"modified":"2024-01-10T14:06:07","modified_gmt":"2024-01-10T14:06:07","slug":"home","status":"publish","type":"page","link":"https:\/\/888qbo.com\/es\/","title":{"rendered":"Mejor Plataforma Para El Trading En Deportes Y Apuestas Profesionales"},"content":{"rendered":"<h3>SOBRE QBO<\/h3>\n\t\t<p>QBO es la plataforma para traders m\u00e1s avanzadas del mercado. QBO (Quick Betting Order) est\u00e1 dise\u00f1ado en exclusiva para traders profesionales para conseguir los mejores precios y las cantidades m\u00e1s elevadas en el mercado en una gran variedad de casas de apuestas y exchanges.<\/p>\n\t\t\t<a href=\"https:\/\/888qbo.com\/es\/contact\/\" target=\"_blank\" rel=\"noopener\">\n\t\t\t\t\t\tCONTACTO\n\t\t\t\t\t<\/a>\n\t<h4>Ejecuci\u00f3n Simult\u00e1nea<\/h4>\t\t\n\t\t\t<p>QBO a\u00f1ade precios a tiempo real en vivo permitiendo apostar de manera simult\u00e1nea entre varias casas de apuestas. Esto soluciona cualquier problema que puedan tener otras casas de apuestas de liquidez, movimiento de los precios o errores manuales al realizar las apuestas.<\/p>\n\t<h4>Liquidez Global<\/h4>\t\t\n\t\t\t<p>QBO es un software que da la oportunidad de conocer los l\u00edmites m\u00e1s altos en cada mercado concreto en ese momento determinado, permitiendo realizar todas tus apuestas a trav\u00e9s de una \u00fanica cuenta, pues da acceso a todas las casas asi\u00e1ticas y exchanges m\u00e1s importantes del mercado incluyendo Pinbet88 (Pinnacle), SBOBET, Betfair, Matchbook y m\u00e1s.<\/p>\n\t<h4>Cobertura Completa<\/h4>\t\t\n\t\t\t<p>QBO ofrece cuotas en d\u00edas anteriores al partido, pre partido en el d\u00eda que se juega e incluso mercados en vivo, todo ello con una gran variedad de h\u00e1ndicaps asi\u00e1ticos en deportes como f\u00fatbol, t\u00e9nis, baloncesto, f\u00fatbol americano, b\u00e1sebol, hockey sobre hielo, rugby y muchos otros.<\/p>\n\t<h4>Velocidad<\/h4>\t\t\n\t\t\t<p>En constante inversi\u00f3n para mejorar el producto y actualizar con la \u00faltima tecnolog\u00eda, QBO siempre ofrece los precios actuales del mercado y posibilidad de realizar apuestas en segundos m\u00e1s r\u00e1pido del mercado.<\/p>\n\t<h4>Experiencia<\/h4>\t\t\n\t\t\t<p>Con m\u00e1s de 10 a\u00f1os de experiencia, QBO es el primer software de apuestas deportivas de este estilo desarrollado en el mercado que ofrece la posibilidad de realizar una apuesta en con una sola cuenta utilizando la liquidez de varias a la vez. Sin conformismo alguno, QBO sigue buscando mejorar e innovar en este competitivo mercado.<\/p>\n<p>&nbsp;<\/p>\n\t<h4>Completamente Imparcial<\/h4>\t\t\n\t\t\t<p>QBO tiene la confianza de los traders y profesionales m\u00e1s importantes del mundo entero.<\/p>\n\t<h4>API <\/h4>\t\t\n\t\t\t<p>Ahora QBO ofrece la posibilidad de de utilizar API para llevar a cabo estrategias de trading autom\u00e1tico.<\/p>\n\t<h4>Servicio<\/h4>\t\t\n\t\t\t<p>QBO dispone de un servicio de atenci\u00f3n al cliente en vivo durante todo el d\u00eda en varios idiomas.<\/p>\n\t<h4>Multi Canal<\/h4>\t\t\n\t\t\t<p>QBO est\u00e1 disponible en tu tel\u00e9fono, ordenador y tableta.<\/p>\n\t<h4>Moneda y Formato De Los Precios<\/h4>\t\t\n\t\t\t<p>Puedes elegir en qu\u00e9 moneda quieres operar y customizar el formato en que se muestran los precios de los partidos, marcando preferencias personales por defecto en ajustes.<\/p>\n\t\t<h3>PLATFORMA<\/h3>\n\t\t\t<a href=\"https:\/\/888qbo.com\/es\/contact\/\" target=\"_blank\" rel=\"noopener\">\n\t\t\t\t\t\tCONTACTO\n\t\t\t\t\t<\/a>\n\t<p>QBO es una plataforma muy sencilla de utilizar, que a\u00f1ade precios a tiempo real en vivo permitiendo apostar de manera simult\u00e1nea entre varias casas de apuestas a trav\u00e9s de un s\u00f3lo canal. Esto soluciona cualquier problema que puedan tener otros operadores de liquidez, movimiento de los precios o errores manuales al realizar las apuestas.<\/p>\n<ul>\n<li>Ejecuci\u00f3n de principio a fin<\/li>\n<li>Formato de los precios (Decimal, Hong Kong, Amerciano)<\/li>\n<li>\u00d3rdenes de trabajo (colocaci\u00f3n autom\u00e1tica una vez que coinciden los precios de la orden)<\/li>\n<li>M\u00faltiples monedas<\/li>\n<li>A\u00f1adir competiciones y eventos a favoritos y diferentes filtros<\/li>\n<li>Conocimiento sencillo y exhaustivo de la contabilidad de este software e historial auditado al completo<\/li>\n<li>Barra de b\u00fasqueda inteligente para una m\u00e1s r\u00e1pida y eficiente navegaci\u00f3n<\/li>\n<\/ul>\n\t\t\t\t<img decoding=\"async\" src=\"https:\/\/888qbo.com\/wp-content\/uploads\/2020\/01\/QBOscreenshot-1024x693.png\" alt=\"QBOscreenshot\" itemprop=\"image\" title=\"QBOscreenshot\" onerror=\"this.style.display='none'\"  \/>\n\t\t<h3>API<\/h3>\n\t\t<p>La Interfaz de Programaci\u00f3n de Aplicaciones de QBO permite a los usuarios llevar a cabo estrategias personalizadas y automatizadas de trading a trav\u00e9s de nuestra plataforma y la posibilidad de desarrollar al cliente sus propios productos a este respecto.\n\nLa API de QBO se ha optimizado al m\u00e1ximo para su mejor rendimiento en un mercado cambiante, consiguiendo recuperar los precios e informaci\u00f3n de cada casa de apuestas con un porcentaje de \u00e9xito muy elevado.<\/p>\n\t\t\t<a href=\"https:\/\/888qbo.com\/es\/contact\/\" target=\"_self\" rel=\"noopener\">\n\t\t\t\t\t\tCONTACTO\n\t\t\t\t\t<\/a>\n\t<h5>Historial de precios actualizado al segundo<\/h5>\t\t\n\t<h5>Periodo de integraci\u00f3n gratuito<\/h5>\t\t\n\t<h5>Todas las casas de apuestas asi\u00e1ticas m\u00e1s importantes disponibles<\/h5>\t\t\n\t<h5>Atenci\u00f3n al cliente y ayuda para la integraci\u00f3n realizada por expertos<\/h5>\t\t\n\t<h5>Documentaci\u00f3n exhaustiva para su utilizaci\u00f3n<\/h5>\t\t\n\t\t<h3>SOCIOS<\/h3>\n\t\tMany of the world&#8217;s largest Bookmakers, in particular the Asia-based operators, partner with authorised Agents to provide account and settlement services to their clients. The Agent&#8217;s role is to establish betting accounts, manage client funds (e.g. receive deposits, send withdrawals, manage client credit and settle outstanding balances between the client and the bookmaker) and provide customer support.<br \/>\n<br \/>\nAt QBO we focus entirely on providing a world-class execution platform. We don&#8217;t provide betting accounts and we don&#8217;t accept client deposits. However, through our 10+ years of experience, we have established lasting relationships with a handful of highly reputable Agents.<br \/>\n<br \/>\nIf you require betting accounts, please let us know: we&#8217;d be happy to talk you through how the system works in more detail and put you in contact with an Agent that best suits your requirements.\n\t\t\t<a href=\"https:\/\/888qbo.com\/es\/contact\/\" target=\"_self\" rel=\"noopener\">\n\t\t\t\t\t\t\tCONTACTO\n\t\t\t\t\t<\/a>\n\t\t<h3>Contacta Con Nosotros<\/h3>\n\t\t<p>M\u00e1ndanos un mensaje. Nuestro tiempo estimado de respuesta es menos de 24 horas desde que recibamos su correo.<\/p>\n\t\t\t<a href=\"https:\/\/888qbo.com\/es\/contact\/\" target=\"_self\" rel=\"noopener\">\n\t\t\t\t\t\tCONTACTO\n\t\t\t\t\t<\/a>","protected":false},"excerpt":{"rendered":"<p>ABOUT QBO QBO is the most advanced sports trading platform. QBO (Quick Betting Order) is designed exclusively for professional traders to give them the best odds and highest stakes across multiple bookmakers and exchanges. CONTACT Solution QBO aggregates real-time odds and bets simultaneously across multiple bookmakers. This solves the problems of low stakes, price movements&hellip; <br \/> <a class=\"read-more\" href=\"https:\/\/888qbo.com\/es\/\">Leer m\u00e1s<\/a><\/p>","protected":false},"author":1,"featured_media":0,"parent":0,"menu_order":0,"comment_status":"closed","ping_status":"closed","template":"","meta":{"footnotes":""},"class_list":["post-156","page","type-page","status-publish","hentry"],"_links":{"self":[{"href":"https:\/\/888qbo.com\/es\/wp-json\/wp\/v2\/pages\/156","targetHints":{"allow":["GET"]}}],"collection":[{"href":"https:\/\/888qbo.com\/es\/wp-json\/wp\/v2\/pages"}],"about":[{"href":"https:\/\/888qbo.com\/es\/wp-json\/wp\/v2\/types\/page"}],"author":[{"embeddable":true,"href":"https:\/\/888qbo.com\/es\/wp-json\/wp\/v2\/users\/1"}],"replies":[{"embeddable":true,"href":"https:\/\/888qbo.com\/es\/wp-json\/wp\/v2\/comments?post=156"}],"version-history":[{"count":57,"href":"https:\/\/888qbo.com\/es\/wp-json\/wp\/v2\/pages\/156\/revisions"}],"predecessor-version":[{"id":619,"href":"https:\/\/888qbo.com\/es\/wp-json\/wp\/v2\/pages\/156\/revisions\/619"}],"wp:attachment":[{"href":"https:\/\/888qbo.com\/es\/wp-json\/wp\/v2\/media?parent=156"}],"curies":[{"name":"wp","href":"https:\/\/api.w.org\/{rel}","templated":true}]}}