{"id":156,"date":"2018-01-22T14:43:05","date_gmt":"2018-01-22T14:43:05","guid":{"rendered":"https:\/\/888qbo.com\/?page_id=156"},"modified":"2024-01-10T14:06:07","modified_gmt":"2024-01-10T14:06:07","slug":"home","status":"publish","type":"page","link":"https:\/\/888qbo.com\/de\/","title":{"rendered":"Schnell-Wetten auftragsplattform\nF\u00fcr professionelle Wetten"},"content":{"rendered":"<h3>\u00dcBER QBO<\/h3>\n\t\t<p>QBO ist die Fortschrittlichste sporthandelsplattform. QBO (Quick Betting Order) ist ausschlie\u00dflich f\u00fcr professionelle H\u00e4ndler entwickelt, um Ihnen die besten Quoten und h\u00f6chsten Eins\u00e4tze \u00fcber mehrere Buchmacher und B\u00f6rsen.<\/p>\n\t\t\t<a href=\"https:\/\/888qbo.com\/de\/contact\/\" target=\"_blank\" rel=\"noopener\">\n\t\t\t\t\t\tKONTAKT\n\t\t\t\t\t<\/a>\n\t<h4>Gleichzeitige Ausf\u00fchrung<\/h4>\t\t\n\t\t\t<p>QBO aggregiert Echtzeit-Quoten und Wetten gleichzeitig \u00fcber mehrere Buchmacher. Dies l\u00f6st die Probleme von niedrigen Eins\u00e4tzen, Preisbewegungen und manuellen ausf\u00fchrungsfehlern.<\/p>\n\t<h4>Globale Liquidit\u00e4t<\/h4>\t\t\n\t\t\t<p>QBO ist mit Buchmachern und Wettb\u00f6rsen integriert, die Zugang zu konkurrenzlosen Mengen an Liquidit\u00e4t bieten. Dies schlie\u00dft Betfair, Matchbook, SBOBET, SingBet, Pinbet88 und mehr.<\/p>\n\t<h4>Umfassende Abdeckung<\/h4>\t\t\n\t\t\t<p>Fr\u00fchmarkt, Spieletag und laufende Angebote auf asiatischen Handicaps und allen anderen wichtigen M\u00e4rkten f\u00fcr Football, Tennis, Basketball, American Football, Baseball, Eishockey, Rugby Union.<\/p>\n\t<h4>Geschwindigkeit<\/h4>\t\t\n\t\t\t<p>QBO ist die Schnellste Sportwetten-software seiner Art. Wir investieren st\u00e4ndig in die neuesten Technologien, um die schnellsten Preise Abruf und Wette Platzierung auf dem Markt zu liefern.<\/p>\n\t<h4>Erfahrung<\/h4>\t\t\n\t\t\t<p>Zuerst, um sporthandelssoftware zu entwickeln, um die mehrere Buchmacher und B\u00f6rsen auf einmal zu treffen. Mit \u00fcber 10 Jahren Erfahrung konzentrieren wir uns weiterhin auf die F\u00fchrung und Innovation des Marktes.<\/p>\n<p>&nbsp;<\/p>\n\t<h4>V\u00f6llig Unparteiisch<\/h4>\t\t\n\t\t\t<p>Vertrauen durch die gr\u00f6\u00dften und anspruchsvollsten professionellen Handelsgruppen der Welt.<\/p>\n\t<h4>API <\/h4>\t\t\n\t\t\t<p>JSON push API, damit Kunden Ihre Handelsstrategien automatisch ausf\u00fchren k\u00f6nnen.<\/p>\n\t<h4>Echtzeit-Unterst\u00fctzung<\/h4>\t\t\n\t\t\t<p>Rund um die Uhr Kundendienst f\u00fcr alle technischen Fragen, in mehreren Sprachen.<\/p>\n\t<h4>Multi-Channel<\/h4>\t\t\n\t\t\t<p>Verf\u00fcgbar auf Ihrem Handy, tablet und PC \u00fcber die QBO website.<\/p>\n\t<h4>W\u00e4hrung &amp; Odds Standardisierung<\/h4>\t\t\n\t\t\t<p>W\u00e4hlen Sie Ihre Handelsw\u00e4hrung und passen Sie odds-format, standardwettentypen und staking-Pr\u00e4ferenzen an.<\/p>\n\t\t<h3>PLATTFORM<\/h3>\n\t\t\t<a href=\"https:\/\/888qbo.com\/de\/contact\/\" target=\"_blank\" rel=\"noopener\">\n\t\t\t\t\t\tKONTAKT\n\t\t\t\t\t<\/a>\n\t<p>Die QBO Wett-Plattform ist eine einfach zu bedienende multi-channel-Schnittstelle, die in Echtzeit aktualisierte best odds anzeigt, so dass Benutzer aggregierte Auftr\u00e4ge mit der h\u00f6chsten Liquidit\u00e4t in Millisekunden vergeben k\u00f6nnen. Dies l\u00f6st alle Probleme mit schlechter Liquidit\u00e4t, Preisbewegungen und manuellen ausf\u00fchrungsfehlern.<\/p>\n<ul>\n<li>Top-down-Ausf\u00fchrung<\/li>\n<li>Odds-Formate (Dezimal, Hongkong, Amerikanisch)<\/li>\n<li>Arbeitsauftr\u00e4ge (automatische Platzierung, sobald die bestellpreise \u00fcbereinstimmen)<\/li>\n<li>Mehrere W\u00e4hrungen<\/li>\n<li>Lieblings-events und der Wettbewerb filtern<\/li>\n<li>Umfassende Buchhaltungssoftware &amp; voller audit-Verlauf<\/li>\n<li>Intelligente Suchleiste f\u00fcr schnelleres surfen<\/li>\n<\/ul>\n\t\t\t\t<img decoding=\"async\" src=\"https:\/\/888qbo.com\/wp-content\/uploads\/2020\/01\/QBOscreenshot-1024x693.png\" alt=\"QBOscreenshot\" itemprop=\"image\" title=\"QBOscreenshot\" onerror=\"this.style.display='none'\"  \/>\n\t\t<h3>API<\/h3>\n\t\t<p>Die QBO Sports wetten API (Application Programming Interface) erm\u00f6glicht es Benutzern, automatische computergesteuerte Strategien auf der Plattform auszuf\u00fchren und eigene Produkte zu entwickeln. Die QBO API wurde f\u00fcr die Reaktion auf den Markt optimiert, Daten von Buchmachern abgerufen und verf\u00fcgt \u00fcber eine sehr starke Durchsatzrate.<\/p>\n\t\t\t<a href=\"https:\/\/888qbo.com\/de\/contact\/\" target=\"_self\" rel=\"noopener\">\n\t\t\t\t\t\tKONTAKT\n\t\t\t\t\t<\/a>\n\t<h5>Live-Preis stream<\/h5>\t\t\n\t<h5>Freie Integrationszeit<\/h5>\t\t\n\t<h5>Einfache Integration mit Buchmachern<\/h5>\t\t\n\t<h5>Fachkundiger Technischer Support<\/h5>\t\t\n\t<h5>Umfassende Dokumentation<\/h5>\t\t\n\t\t<h3>UNSERE SERI\u00d6SEN PARTNER<\/h3>\n\t\tMany of the world&#8217;s largest Bookmakers, in particular the Asia-based operators, partner with authorised Agents to provide account and settlement services to their clients. The Agent&#8217;s role is to establish betting accounts, manage client funds (e.g. receive deposits, send withdrawals, manage client credit and settle outstanding balances between the client and the bookmaker) and provide customer support.<br \/>\n<br \/>\nAt QBO we focus entirely on providing a world-class execution platform. We don&#8217;t provide betting accounts and we don&#8217;t accept client deposits. However, through our 10+ years of experience, we have established lasting relationships with a handful of highly reputable Agents.<br \/>\n<br \/>\nIf you require betting accounts, please let us know: we&#8217;d be happy to talk you through how the system works in more detail and put you in contact with an Agent that best suits your requirements.\n\t\t\t<a href=\"https:\/\/888qbo.com\/de\/contact\/\" target=\"_self\" rel=\"noopener\">\n\t\t\t\t\t\t\tKONTAKT\n\t\t\t\t\t<\/a>\n\t\t<h3>Kontaktieren Sie uns<\/h3>\n\t\t<p>Gib uns eine Zeile. Wir Antworten in der Regel innerhalb von 24 Stunden nach Erhalt Ihrer E-Mail.<\/p>\n\t\t\t<a href=\"https:\/\/888qbo.com\/de\/contact\/\" target=\"_self\" rel=\"noopener\">\n\t\t\t\t\t\tKONTAKT\n\t\t\t\t\t<\/a>","protected":false},"excerpt":{"rendered":"<p>ABOUT QBO QBO is the most advanced sports trading platform. QBO (Quick Betting Order) is designed exclusively for professional traders to give them the best odds and highest stakes across multiple bookmakers and exchanges. CONTACT Solution QBO aggregates real-time odds and bets simultaneously across multiple bookmakers. This solves the problems of low stakes, price movements&hellip; <br \/> <a class=\"read-more\" href=\"https:\/\/888qbo.com\/de\/\">Weiterlesen<\/a><\/p>","protected":false},"author":1,"featured_media":0,"parent":0,"menu_order":0,"comment_status":"closed","ping_status":"closed","template":"","meta":{"footnotes":""},"class_list":["post-156","page","type-page","status-publish","hentry"],"_links":{"self":[{"href":"https:\/\/888qbo.com\/de\/wp-json\/wp\/v2\/pages\/156","targetHints":{"allow":["GET"]}}],"collection":[{"href":"https:\/\/888qbo.com\/de\/wp-json\/wp\/v2\/pages"}],"about":[{"href":"https:\/\/888qbo.com\/de\/wp-json\/wp\/v2\/types\/page"}],"author":[{"embeddable":true,"href":"https:\/\/888qbo.com\/de\/wp-json\/wp\/v2\/users\/1"}],"replies":[{"embeddable":true,"href":"https:\/\/888qbo.com\/de\/wp-json\/wp\/v2\/comments?post=156"}],"version-history":[{"count":57,"href":"https:\/\/888qbo.com\/de\/wp-json\/wp\/v2\/pages\/156\/revisions"}],"predecessor-version":[{"id":619,"href":"https:\/\/888qbo.com\/de\/wp-json\/wp\/v2\/pages\/156\/revisions\/619"}],"wp:attachment":[{"href":"https:\/\/888qbo.com\/de\/wp-json\/wp\/v2\/media?parent=156"}],"curies":[{"name":"wp","href":"https:\/\/api.w.org\/{rel}","templated":true}]}}